{"id":8,"date":"2023-10-31T11:45:20","date_gmt":"2023-10-31T11:45:20","guid":{"rendered":"https:\/\/printex.szczytno.pl\/?page_id=8"},"modified":"2024-02-08T12:48:40","modified_gmt":"2024-02-08T12:48:40","slug":"zaslepka","status":"publish","type":"page","link":"https:\/\/printex.szczytno.pl\/","title":{"rendered":"Za\u015blepka"},"content":{"rendered":"\t\t<div data-elementor-type=\"wp-page\" data-elementor-id=\"8\" class=\"elementor elementor-8\" data-elementor-post-type=\"page\">\n\t\t\t\t<div class=\"elementor-element elementor-element-702abb4 e-flex e-con-boxed e-con e-parent\" data-id=\"702abb4\" data-element_type=\"container\">\n\t\t\t\t\t<div class=\"e-con-inner\">\n\t\t<div class=\"elementor-element elementor-element-8932fb1 e-flex e-con-boxed e-con e-child\" data-id=\"8932fb1\" data-element_type=\"container\">\n\t\t\t\t\t<div class=\"e-con-inner\">\n\t\t\t\t<div class=\"elementor-element elementor-element-985e4ea elementor-widget elementor-widget-heading\" data-id=\"985e4ea\" data-element_type=\"widget\" data-widget_type=\"heading.default\">\n\t\t\t\t<div class=\"elementor-widget-container\">\n\t\t\t\t\t<h2 class=\"elementor-heading-title elementor-size-default\">STRONA W BUDOWIE<\/h2>\t\t\t\t<\/div>\n\t\t\t\t<\/div>\n\t\t\t\t\t<\/div>\n\t\t\t\t<\/div>\n\t\t\t\t\t<\/div>\n\t\t\t\t<\/div>\n\t\t<div class=\"elementor-element elementor-element-d5e355c e-flex e-con-boxed e-con e-parent\" data-id=\"d5e355c\" data-element_type=\"container\">\n\t\t\t\t\t<div class=\"e-con-inner\">\n\t\t<div class=\"elementor-element elementor-element-ca4703a e-con-full e-flex e-con e-child\" data-id=\"ca4703a\" data-element_type=\"container\">\n\t\t\t\t<div class=\"elementor-element elementor-element-c146c90 elementor-widget elementor-widget-text-editor\" data-id=\"c146c90\" data-element_type=\"widget\" data-widget_type=\"text-editor.default\">\n\t\t\t\t<div class=\"elementor-widget-container\">\n\t\t\t\t\t\t\t\t\t<p>Jeste\u015bmy firm\u0105 reklamow\u0105 dzia\u0142aj\u0105c\u0105 w Szczytnie od 1991 roku.<\/p>\t\t\t\t\t\t\t\t<\/div>\n\t\t\t\t<\/div>\n\t\t\t\t<div class=\"elementor-element elementor-element-816daaa elementor-widget elementor-widget-text-editor\" data-id=\"816daaa\" data-element_type=\"widget\" data-widget_type=\"text-editor.default\">\n\t\t\t\t<div class=\"elementor-widget-container\">\n\t\t\t\t\t\t\t\t\t<p>Oferujemy Pa\u0144stwu us\u0142ugi w zakresie:<\/p>\t\t\t\t\t\t\t\t<\/div>\n\t\t\t\t<\/div>\n\t\t\t\t<div class=\"elementor-element elementor-element-0aeff20 elementor-widget elementor-widget-text-editor\" data-id=\"0aeff20\" data-element_type=\"widget\" data-widget_type=\"text-editor.default\">\n\t\t\t\t<div class=\"elementor-widget-container\">\n\t\t\t\t\t\t\t\t\t<p><strong>wykonywania piecz\u0105tek<\/strong><br><em>(firmowe, imienne, datowniki,&nbsp;<\/em><em style=\"text-align: var(--text-align);\">numeratory,&nbsp;<\/em><em style=\"text-align: var(--text-align);\">kwadratowe, owalne i wiele innych)<\/em><\/p>\n<p><strong>grawerowania i znakowania laserowego<\/strong><br><em>(tabliczki: informacyjne, znamionowe, na puchary i medale, oznaczniki kablowe, plakietki, identyfikatory, podzi\u0119kowania i wiele wi\u0119cej)<\/em><\/p>\n<p><strong>wykonywania projekt\u00f3w graficznych<\/strong><br><em>(logo, wizyt\u00f3wki, ulotki, foldery, plakaty, banery, zaproszenia i wiele wiele wi\u0119cej)<\/em><\/p>\n<p><strong>wykonywania baner\u00f3w, szyld\u00f3w i tabliczek<\/strong><\/p>\n<p><strong>wykonywania wizyt\u00f3wek, ulotek, plakat\u00f3w, zaprosze\u0144, naklejek<\/strong><\/p>\n<p><strong>druku w formacie A3 i A4&nbsp; ju\u017c od 1 szt.&nbsp;<em>(na papierze nawet do 280g)<\/em><br><\/strong><em>(dokumenty, dyplomy, certyfikaty, menu dla restauracji, instrukcje, materia\u0142y PR-owe i reklamowe, plansze szkoleniowe, pomoce dydaktyczne)<\/em><\/p>\n<p><strong>wykonywania ksero w formacie A3 i A4<br><\/strong><em>(kserokopie dokument\u00f3w, dokumentacji technicznych, skanowanie do pliku)<\/em><\/p>\n<p><strong>nadruk\u00f3w sublimacyjnych<br><\/strong><em>(nadruki na koszulkach, nadruki na kubkach, nadruki na blasze np. podzi\u0119kowania, tabliczki informacyjne)<\/em><\/p>\t\t\t\t\t\t\t\t<\/div>\n\t\t\t\t<\/div>\n\t\t\t\t<\/div>\n\t\t<div class=\"elementor-element elementor-element-3ef4ce4 e-con-full e-flex e-con e-child\" data-id=\"3ef4ce4\" data-element_type=\"container\">\n\t\t\t\t<div class=\"elementor-element elementor-element-1f0914b elementor-widget elementor-widget-image\" data-id=\"1f0914b\" data-element_type=\"widget\" data-widget_type=\"image.default\">\n\t\t\t\t<div class=\"elementor-widget-container\">\n\t\t\t\t\t\t\t\t\t\t\t\t\t\t\t<img fetchpriority=\"high\" decoding=\"async\" width=\"800\" height=\"500\" src=\"https:\/\/printex.szczytno.pl\/wp-content\/uploads\/2023\/10\/10140-1024x640.jpg\" class=\"attachment-large size-large wp-image-14\" alt=\"\" srcset=\"https:\/\/printex.szczytno.pl\/wp-content\/uploads\/2023\/10\/10140-1024x640.jpg 1024w, https:\/\/printex.szczytno.pl\/wp-content\/uploads\/2023\/10\/10140-300x188.jpg 300w, https:\/\/printex.szczytno.pl\/wp-content\/uploads\/2023\/10\/10140-768x480.jpg 768w, https:\/\/printex.szczytno.pl\/wp-content\/uploads\/2023\/10\/10140-1536x960.jpg 1536w, https:\/\/printex.szczytno.pl\/wp-content\/uploads\/2023\/10\/10140-2048x1280.jpg 2048w\" sizes=\"(max-width: 800px) 100vw, 800px\" \/>\t\t\t\t\t\t\t\t\t\t\t\t\t\t\t<\/div>\n\t\t\t\t<\/div>\n\t\t\t\t<\/div>\n\t\t\t\t\t<\/div>\n\t\t\t\t<\/div>\n\t\t\t\t<\/div>\n\t\t","protected":false},"excerpt":{"rendered":"<p>STRONA W BUDOWIE Jeste\u015bmy firm\u0105 reklamow\u0105 dzia\u0142aj\u0105c\u0105 w Szczytnie od 1991 roku. Oferujemy Pa\u0144stwu us\u0142ugi w zakresie: wykonywania piecz\u0105tek(firmowe, imienne, datowniki,&nbsp;numeratory,&nbsp;kwadratowe, owalne i wiele innych) grawerowania i znakowania laserowego(tabliczki: informacyjne, znamionowe, na puchary i medale, oznaczniki kablowe, plakietki, identyfikatory, podzi\u0119kowania i wiele wi\u0119cej) wykonywania projekt\u00f3w graficznych(logo, wizyt\u00f3wki, ulotki, foldery, plakaty, banery, zaproszenia i wiele wiele [&hellip;]<\/p>\n","protected":false},"author":1,"featured_media":0,"parent":0,"menu_order":0,"comment_status":"closed","ping_status":"closed","template":"","meta":{"footnotes":""},"_links":{"self":[{"href":"https:\/\/printex.szczytno.pl\/index.php?rest_route=\/wp\/v2\/pages\/8"}],"collection":[{"href":"https:\/\/printex.szczytno.pl\/index.php?rest_route=\/wp\/v2\/pages"}],"about":[{"href":"https:\/\/printex.szczytno.pl\/index.php?rest_route=\/wp\/v2\/types\/page"}],"author":[{"embeddable":true,"href":"https:\/\/printex.szczytno.pl\/index.php?rest_route=\/wp\/v2\/users\/1"}],"replies":[{"embeddable":true,"href":"https:\/\/printex.szczytno.pl\/index.php?rest_route=%2Fwp%2Fv2%2Fcomments&post=8"}],"version-history":[{"count":34,"href":"https:\/\/printex.szczytno.pl\/index.php?rest_route=\/wp\/v2\/pages\/8\/revisions"}],"predecessor-version":[{"id":75,"href":"https:\/\/printex.szczytno.pl\/index.php?rest_route=\/wp\/v2\/pages\/8\/revisions\/75"}],"wp:attachment":[{"href":"https:\/\/printex.szczytno.pl\/index.php?rest_route=%2Fwp%2Fv2%2Fmedia&parent=8"}],"curies":[{"name":"wp","href":"https:\/\/api.w.org\/{rel}","templated":true}]}}